{"id":575,"date":"2023-06-09T11:19:34","date_gmt":"2023-06-09T09:19:34","guid":{"rendered":"https:\/\/scaddanmark.dk\/?page_id=575"},"modified":"2023-06-09T11:27:34","modified_gmt":"2023-06-09T09:27:34","slug":"tilbage-paa-arbejdsmarkedet-efter-scad","status":"publish","type":"page","link":"https:\/\/scaddanmark.dk\/index.php\/tilbage-paa-arbejdsmarkedet-efter-scad\/","title":{"rendered":"Tilbage p\u00e5 arbejdsmarkedet efter SCAD"},"content":{"rendered":"\n<p>N\u00e5r du skal tilbage p\u00e5 dit arbejde efter du har haft et SCAD hjertetilf\u00e6lde, s\u00e5 er der sikkert ingen af dine kollegaer eller din ledelse, der kender til SCAD. Du kan blive m\u00f8dt med mistillid, n\u00e5r du fort\u00e6ller om, hvad du har fejlet, for ingen kender SCAD.<\/p>\n\n\n\n<p>Der findes ingen officielle anbefalinger om tilbagevenden til arbejde efter SCAD. F.eks. er der ingen officielle anbefalinger om at f\u00e5 hj\u00e6lp til at h\u00e5ndtere stress, heller ikke selvom forskere har en teori om, at alvorlig stress kan \u00f8ge risikoen for ny SCAD.<\/p>\n\n\n\n<p>Her i foreningen arbejder vi p\u00e5 at g\u00f8re det nemmere at vende tilbage til arbejdsmarkedet som SCAD patient. Vi har samlet en r\u00e6kke gode r\u00e5d her. Vi har lavet en video her, som du kan vise til din arbejdsgiver n\u00e5r du vender tilbage p\u00e5 dit arbejde.<\/p>\n\n\n\n<p>Samarbejde med socialr\u00e5dgiver<\/p>\n\n\n\n<p>Husk at unders\u00f8g dine muligheder for et engangsbel\u00f8b fra dit pensionsselskab. Mange har ret til et engangsbel\u00f8b ved &#8220;Kritisk sygdom&#8221; Kontakt dit pensionsselskab for information herom.<\/p>\n","protected":false},"excerpt":{"rendered":"<p>N\u00e5r du skal tilbage p\u00e5 dit arbejde efter du har haft et SCAD hjertetilf\u00e6lde, s\u00e5 er der sikkert ingen af dine kollegaer eller din ledelse, der kender til SCAD. Du kan blive m\u00f8dt med mistillid, n\u00e5r du fort\u00e6ller om, hvad du har fejlet, for ingen kender SCAD. Der findes ingen officielle anbefalinger om tilbagevenden til [&hellip;]<\/p>\n","protected":false},"author":1,"featured_media":0,"parent":0,"menu_order":0,"comment_status":"closed","ping_status":"closed","template":"","meta":{"site-sidebar-layout":"default","site-content-layout":"","ast-site-content-layout":"default","site-content-style":"default","site-sidebar-style":"default","ast-global-header-display":"","ast-banner-title-visibility":"","ast-main-header-display":"","ast-hfb-above-header-display":"","ast-hfb-below-header-display":"","ast-hfb-mobile-header-display":"","site-post-title":"","ast-breadcrumbs-content":"","ast-featured-img":"","footer-sml-layout":"","ast-disable-related-posts":"","theme-transparent-header-meta":"","adv-header-id-meta":"","stick-header-meta":"","header-above-stick-meta":"","header-main-stick-meta":"","header-below-stick-meta":"","astra-migrate-meta-layouts":"default","ast-page-background-enabled":"default","ast-page-background-meta":{"desktop":{"background-color":"","background-image":"","background-repeat":"repeat","background-position":"center center","background-size":"auto","background-attachment":"scroll","background-type":"","background-media":"","overlay-type":"","overlay-color":"","overlay-opacity":"","overlay-gradient":""},"tablet":{"background-color":"","background-image":"","background-repeat":"repeat","background-position":"center center","background-size":"auto","background-attachment":"scroll","background-type":"","background-media":"","overlay-type":"","overlay-color":"","overlay-opacity":"","overlay-gradient":""},"mobile":{"background-color":"","background-image":"","background-repeat":"repeat","background-position":"center center","background-size":"auto","background-attachment":"scroll","background-type":"","background-media":"","overlay-type":"","overlay-color":"","overlay-opacity":"","overlay-gradient":""}},"ast-content-background-meta":{"desktop":{"background-color":"var(--ast-global-color-5)","background-image":"","background-repeat":"repeat","background-position":"center center","background-size":"auto","background-attachment":"scroll","background-type":"","background-media":"","overlay-type":"","overlay-color":"","overlay-opacity":"","overlay-gradient":""},"tablet":{"background-color":"var(--ast-global-color-5)","background-image":"","background-repeat":"repeat","background-position":"center center","background-size":"auto","background-attachment":"scroll","background-type":"","background-media":"","overlay-type":"","overlay-color":"","overlay-opacity":"","overlay-gradient":""},"mobile":{"background-color":"var(--ast-global-color-5)","background-image":"","background-repeat":"repeat","background-position":"center center","background-size":"auto","background-attachment":"scroll","background-type":"","background-media":"","overlay-type":"","overlay-color":"","overlay-opacity":"","overlay-gradient":""}},"footnotes":""},"class_list":["post-575","page","type-page","status-publish","hentry"],"jetpack_sharing_enabled":true,"_links":{"self":[{"href":"https:\/\/scaddanmark.dk\/index.php\/wp-json\/wp\/v2\/pages\/575","targetHints":{"allow":["GET"]}}],"collection":[{"href":"https:\/\/scaddanmark.dk\/index.php\/wp-json\/wp\/v2\/pages"}],"about":[{"href":"https:\/\/scaddanmark.dk\/index.php\/wp-json\/wp\/v2\/types\/page"}],"author":[{"embeddable":true,"href":"https:\/\/scaddanmark.dk\/index.php\/wp-json\/wp\/v2\/users\/1"}],"replies":[{"embeddable":true,"href":"https:\/\/scaddanmark.dk\/index.php\/wp-json\/wp\/v2\/comments?post=575"}],"version-history":[{"count":3,"href":"https:\/\/scaddanmark.dk\/index.php\/wp-json\/wp\/v2\/pages\/575\/revisions"}],"predecessor-version":[{"id":580,"href":"https:\/\/scaddanmark.dk\/index.php\/wp-json\/wp\/v2\/pages\/575\/revisions\/580"}],"wp:attachment":[{"href":"https:\/\/scaddanmark.dk\/index.php\/wp-json\/wp\/v2\/media?parent=575"}],"curies":[{"name":"wp","href":"https:\/\/api.w.org\/{rel}","templated":true}]}}