{"id":228,"date":"2021-05-05T16:05:45","date_gmt":"2021-05-05T16:05:45","guid":{"rendered":"https:\/\/hassert.dk\/?page_id=228"},"modified":"2026-03-27T14:36:26","modified_gmt":"2026-03-27T13:36:26","slug":"kontakt","status":"publish","type":"page","link":"https:\/\/scaddanmark.dk\/","title":{"rendered":"Velkommen til SCAD Danmark"},"content":{"rendered":"\n<p><strong>Denne hjemmeside er et online vidensunivers henvendt til danske SCAD patienter.<\/strong><\/p>\n\n\n\n<p>Som medlem f\u00e5r du adgang til indholdet p\u00e5 denne hjemmeside, som giver dig overblik over den nyeste forskningsbaserede viden om SCAD<\/p>\n\n\n\n<p><\/p>\n\n\n\n<p><\/p>\n\n\n\n<p><\/p>\n\n\n\n<div class=\"wp-block-buttons alignwide is-content-justification-center is-layout-flex wp-container-core-buttons-is-layout-a89b3969 wp-block-buttons-is-layout-flex\">\n<div class=\"wp-block-button\"><a class=\"wp-block-button__link wp-element-button\">bliv medlem for 100 kr. \u00e5rligt<\/a><\/div>\n<\/div>\n\n\n\n<p class=\"has-text-align-right\"><\/p>\n\n\n\n<figure class=\"wp-block-embed is-type-video is-provider-youtube wp-block-embed-youtube wp-embed-aspect-16-9 wp-has-aspect-ratio\"><div class=\"wp-block-embed__wrapper\">\n<iframe loading=\"lazy\" title=\"Spontaneous coronary artery dissection (SCAD) Animation\" width=\"500\" height=\"281\" src=\"https:\/\/www.youtube.com\/embed\/oXO2biVeBtg?feature=oembed\" frameborder=\"0\" allow=\"accelerometer; autoplay; clipboard-write; encrypted-media; gyroscope; picture-in-picture; web-share\" referrerpolicy=\"strict-origin-when-cross-origin\" allowfullscreen><\/iframe>\n<\/div><figcaption class=\"wp-element-caption\"><strong><sub>Denne video viser, hvad der sker i hjertets kranspusl\u00e5re under SCAD<\/sub><\/strong><\/figcaption><\/figure>\n\n\n\n<div class=\"wp-block-cover alignwide\"><img loading=\"lazy\" decoding=\"async\" width=\"823\" height=\"549\" class=\"wp-block-cover__image-background wp-image-178\" alt=\"\" src=\"https:\/\/hassert.dk\/wp-content\/uploads\/2021\/05\/work-life-balance-benefits-rh-2018.jpg\" data-object-fit=\"cover\" srcset=\"https:\/\/scaddanmark.dk\/wp-content\/uploads\/2021\/05\/work-life-balance-benefits-rh-2018.jpg 823w, https:\/\/scaddanmark.dk\/wp-content\/uploads\/2021\/05\/work-life-balance-benefits-rh-2018-600x400.jpg 600w, https:\/\/scaddanmark.dk\/wp-content\/uploads\/2021\/05\/work-life-balance-benefits-rh-2018-300x200.jpg 300w, https:\/\/scaddanmark.dk\/wp-content\/uploads\/2021\/05\/work-life-balance-benefits-rh-2018-768x512.jpg 768w\" sizes=\"auto, (max-width: 823px) 100vw, 823px\" \/><span aria-hidden=\"true\" class=\"wp-block-cover__background has-background-dim\"><\/span><div class=\"wp-block-cover__inner-container is-layout-flow wp-block-cover-is-layout-flow\">\n<p>Som SCAD patient g\u00e6lder det om at finde den rette balance i sit liv.<\/p>\n\n\n\n<p>Da SCAD kan v\u00e6re en livsomv\u00e6ltende og voldsom oplevelse, er det n\u00f8dvendigt med omsorg og st\u00f8tte fra ens n\u00e6rmeste. M\u00e5ske er det n\u00f8dvendigt at s\u00f8ge professionel hj\u00e6lp til behandlings af angst og depression. <a href=\"https:\/\/scaddanmark.dk\/index.php\/qsm_quiz\/scad-questionnaire\/\" data-type=\"URL\" data-id=\"https:\/\/scaddanmark.dk\/index.php\/qsm_quiz\/scad-questionnaire\/\">Sp\u00f8rgeskema om din trivsel for \u00f8jeblikket<\/a><\/p>\n\n\n\n<p>Ops\u00f8g andre SCAD patienter, som du kan s\u00f8ge st\u00f8tte hos. F.eks. i Facebook gruppen <em>SCAD Danmark<\/em> <a href=\"https:\/\/www.facebook.com\/groups\/147246815950897\" data-type=\"URL\" data-id=\"https:\/\/www.facebook.com\/groups\/147246815950897\">Facebook gruppen SCAD Danmark<\/a><\/p>\n\n\n\n<p><\/p>\n<\/div><\/div>\n\n\n<p><strong>\u00a0 \u00a0 \u00a0 \u00a0\u00a0<\/strong><\/p>\n\n<nav class=\"is-responsive wp-block-navigation is-layout-flex wp-block-navigation-is-layout-flex\" aria-label=\"medlemsskab\" \n\t\t data-wp-interactive=\"core\/navigation\" data-wp-context='{\"overlayOpenedBy\":{\"click\":false,\"hover\":false,\"focus\":false},\"type\":\"overlay\",\"roleAttribute\":\"\",\"ariaLabel\":\"Menu\"}'><button aria-haspopup=\"dialog\" aria-label=\"\u00c5bn menu\" class=\"wp-block-navigation__responsive-container-open\" \n\t\t\t\tdata-wp-on--click=\"actions.openMenuOnClick\"\n\t\t\t\tdata-wp-on--keydown=\"actions.handleMenuKeydown\"\n\t\t\t><svg width=\"24\" height=\"24\" xmlns=\"http:\/\/www.w3.org\/2000\/svg\" viewBox=\"0 0 24 24\" aria-hidden=\"true\" focusable=\"false\"><path d=\"M4 7.5h16v1.5H4z\"><\/path><path d=\"M4 15h16v1.5H4z\"><\/path><\/svg><\/button>\n\t\t\t\t<div class=\"wp-block-navigation__responsive-container\"  id=\"modal-1\" \n\t\t\t\tdata-wp-class--has-modal-open=\"state.isMenuOpen\"\n\t\t\t\tdata-wp-class--is-menu-open=\"state.isMenuOpen\"\n\t\t\t\tdata-wp-watch=\"callbacks.initMenu\"\n\t\t\t\tdata-wp-on--keydown=\"actions.handleMenuKeydown\"\n\t\t\t\tdata-wp-on--focusout=\"actions.handleMenuFocusout\"\n\t\t\t\ttabindex=\"-1\"\n\t\t\t>\n\t\t\t\t\t<div class=\"wp-block-navigation__responsive-close\" tabindex=\"-1\">\n\t\t\t\t\t\t<div class=\"wp-block-navigation__responsive-dialog\" \n\t\t\t\tdata-wp-bind--aria-modal=\"state.ariaModal\"\n\t\t\t\tdata-wp-bind--aria-label=\"state.ariaLabel\"\n\t\t\t\tdata-wp-bind--role=\"state.roleAttribute\"\n\t\t\t>\n\t\t\t\t\t\t\t<button aria-label=\"Luk menu\" class=\"wp-block-navigation__responsive-container-close\" \n\t\t\t\tdata-wp-on--click=\"actions.closeMenuOnClick\"\n\t\t\t><svg xmlns=\"http:\/\/www.w3.org\/2000\/svg\" viewBox=\"0 0 24 24\" width=\"24\" height=\"24\" aria-hidden=\"true\" focusable=\"false\"><path d=\"m13.06 12 6.47-6.47-1.06-1.06L12 10.94 5.53 4.47 4.47 5.53 10.94 12l-6.47 6.47 1.06 1.06L12 13.06l6.47 6.47 1.06-1.06L13.06 12Z\"><\/path><\/svg><\/button>\n\t\t\t\t\t\t\t<div class=\"wp-block-navigation__responsive-container-content\" \n\t\t\t\tdata-wp-watch=\"callbacks.focusFirstElement\"\n\t\t\t id=\"modal-1-content\">\n\t\t\t\t\t\t\t\t\n\t\t\t\t\t\t\t<\/div>\n\t\t\t\t\t\t<\/div>\n\t\t\t\t\t<\/div>\n\t\t\t\t<\/div><\/nav>","protected":false},"excerpt":{"rendered":"<p>Denne hjemmeside er et online vidensunivers henvendt til danske SCAD patienter. Som medlem f\u00e5r du adgang til indholdet p\u00e5 denne hjemmeside, som giver dig overblik over den nyeste forskningsbaserede viden om SCAD \u00a0 \u00a0 \u00a0 \u00a0\u00a0<\/p>\n","protected":false},"author":1,"featured_media":0,"parent":0,"menu_order":0,"comment_status":"closed","ping_status":"closed","template":"","meta":{"site-sidebar-layout":"default","site-content-layout":"default","ast-site-content-layout":"default","site-content-style":"default","site-sidebar-style":"default","ast-global-header-display":"","ast-banner-title-visibility":"","ast-main-header-display":"","ast-hfb-above-header-display":"","ast-hfb-below-header-display":"","ast-hfb-mobile-header-display":"","site-post-title":"","ast-breadcrumbs-content":"","ast-featured-img":"","footer-sml-layout":"","ast-disable-related-posts":"","theme-transparent-header-meta":"default","adv-header-id-meta":"","stick-header-meta":"","header-above-stick-meta":"","header-main-stick-meta":"","header-below-stick-meta":"","astra-migrate-meta-layouts":"set","ast-page-background-enabled":"default","ast-page-background-meta":{"desktop":{"background-color":"","background-image":"","background-repeat":"repeat","background-position":"center center","background-size":"auto","background-attachment":"scroll","background-type":"","background-media":"","overlay-type":"","overlay-color":"","overlay-opacity":"","overlay-gradient":""},"tablet":{"background-color":"","background-image":"","background-repeat":"repeat","background-position":"center center","background-size":"auto","background-attachment":"scroll","background-type":"","background-media":"","overlay-type":"","overlay-color":"","overlay-opacity":"","overlay-gradient":""},"mobile":{"background-color":"","background-image":"","background-repeat":"repeat","background-position":"center center","background-size":"auto","background-attachment":"scroll","background-type":"","background-media":"","overlay-type":"","overlay-color":"","overlay-opacity":"","overlay-gradient":""}},"ast-content-background-meta":{"desktop":{"background-color":"var(--ast-global-color-5)","background-image":"","background-repeat":"repeat","background-position":"center center","background-size":"auto","background-attachment":"scroll","background-type":"","background-media":"","overlay-type":"","overlay-color":"","overlay-opacity":"","overlay-gradient":""},"tablet":{"background-color":"var(--ast-global-color-5)","background-image":"","background-repeat":"repeat","background-position":"center center","background-size":"auto","background-attachment":"scroll","background-type":"","background-media":"","overlay-type":"","overlay-color":"","overlay-opacity":"","overlay-gradient":""},"mobile":{"background-color":"var(--ast-global-color-5)","background-image":"","background-repeat":"repeat","background-position":"center center","background-size":"auto","background-attachment":"scroll","background-type":"","background-media":"","overlay-type":"","overlay-color":"","overlay-opacity":"","overlay-gradient":""}},"footnotes":""},"class_list":["post-228","page","type-page","status-publish","hentry"],"jetpack_sharing_enabled":true,"_links":{"self":[{"href":"https:\/\/scaddanmark.dk\/index.php\/wp-json\/wp\/v2\/pages\/228","targetHints":{"allow":["GET"]}}],"collection":[{"href":"https:\/\/scaddanmark.dk\/index.php\/wp-json\/wp\/v2\/pages"}],"about":[{"href":"https:\/\/scaddanmark.dk\/index.php\/wp-json\/wp\/v2\/types\/page"}],"author":[{"embeddable":true,"href":"https:\/\/scaddanmark.dk\/index.php\/wp-json\/wp\/v2\/users\/1"}],"replies":[{"embeddable":true,"href":"https:\/\/scaddanmark.dk\/index.php\/wp-json\/wp\/v2\/comments?post=228"}],"version-history":[{"count":74,"href":"https:\/\/scaddanmark.dk\/index.php\/wp-json\/wp\/v2\/pages\/228\/revisions"}],"predecessor-version":[{"id":686,"href":"https:\/\/scaddanmark.dk\/index.php\/wp-json\/wp\/v2\/pages\/228\/revisions\/686"}],"wp:attachment":[{"href":"https:\/\/scaddanmark.dk\/index.php\/wp-json\/wp\/v2\/media?parent=228"}],"curies":[{"name":"wp","href":"https:\/\/api.w.org\/{rel}","templated":true}]}}